{"id":554,"date":"2025-04-07T16:06:53","date_gmt":"2025-04-07T14:06:53","guid":{"rendered":"https:\/\/www.bunteblaetter.com\/?page_id=554"},"modified":"2025-09-15T14:28:39","modified_gmt":"2025-09-15T12:28:39","slug":"sponsoren","status":"publish","type":"page","link":"https:\/\/www.bunteblaetter.com\/?page_id=554","title":{"rendered":"Sponsoren"},"content":{"rendered":"\n<div style=\"height:80px\" aria-hidden=\"true\" class=\"wp-block-spacer\"><\/div>\n\n\n\n<h1 class=\"wp-block-heading has-text-align-center\">Unsere Sponsoren<\/h1>\n\n\n\n<div style=\"height:55px\" aria-hidden=\"true\" class=\"wp-block-spacer\"><\/div>\n\n\n\n<figure class=\"wp-block-image aligncenter size-full is-resized\"><a href=\"https:\/\/www.sparkasse.at\/steiermaerkische\/wir-ueber-uns\" target=\"_blank\" rel=\" noreferrer noopener\"><img loading=\"lazy\" decoding=\"async\" width=\"750\" height=\"254\" src=\"https:\/\/www.bunteblaetter.com\/wp-content\/uploads\/2025\/02\/SPK-Steiermaerkische_External_print_4C-768x260-1-e1738601482621.png\" alt=\"\" class=\"wp-image-198\" style=\"width:572px;height:auto\"\/><\/a><\/figure>\n\n\n\n<p class=\"has-text-align-center\">Steierm\u00e4rkische Sparkasse<\/p>\n\n\n\n<div style=\"height:30px\" aria-hidden=\"true\" class=\"wp-block-spacer\"><\/div>\n\n\n\n<figure class=\"wp-block-image aligncenter size-full is-resized\"><a href=\"https:\/\/ggz.graz.at\/\" target=\"_blank\" rel=\" noreferrer noopener\"><img loading=\"lazy\" decoding=\"async\" width=\"750\" height=\"312\" src=\"https:\/\/www.bunteblaetter.com\/wp-content\/uploads\/2025\/02\/Logo-GGZ_imagefull-e1738601124728.png\" alt=\"\" class=\"wp-image-180\" style=\"width:572px;height:auto\"\/><\/a><\/figure>\n\n\n\n<p class=\"has-text-align-center\">Geriatrische Gesundheitszentren der Stadt Graz<\/p>\n\n\n\n<div style=\"height:30px\" aria-hidden=\"true\" class=\"wp-block-spacer\"><\/div>\n\n\n\n<figure class=\"wp-block-image aligncenter size-full is-resized\"><a href=\"https:\/\/www.energie-graz.at\/\" target=\"_blank\" rel=\" noreferrer noopener\"><img loading=\"lazy\" decoding=\"async\" width=\"750\" height=\"144\" src=\"https:\/\/www.bunteblaetter.com\/wp-content\/uploads\/2025\/02\/EGG_Konzernlogo_300dpi-RGB-transparent-768x147-2-e1738601553743.png\" alt=\"\" class=\"wp-image-199\" style=\"width:572px;height:auto\"\/><\/a><\/figure>\n\n\n\n<p class=\"has-text-align-center\">Energie Graz<\/p>\n\n\n\n<div class=\"wp-block-columns is-layout-flex wp-container-core-columns-is-layout-28f84493 wp-block-columns-is-layout-flex\">\n<div class=\"wp-block-column is-layout-flow wp-block-column-is-layout-flow\" style=\"flex-basis:39%\">\n<figure class=\"wp-block-image size-large\"><img loading=\"lazy\" decoding=\"async\" width=\"683\" height=\"1024\" src=\"https:\/\/www.bunteblaetter.com\/wp-content\/uploads\/2025\/09\/VS25-0216-683x1024.jpg\" alt=\"\" class=\"wp-image-598\" srcset=\"https:\/\/www.bunteblaetter.com\/wp-content\/uploads\/2025\/09\/VS25-0216-683x1024.jpg 683w, https:\/\/www.bunteblaetter.com\/wp-content\/uploads\/2025\/09\/VS25-0216-200x300.jpg 200w, https:\/\/www.bunteblaetter.com\/wp-content\/uploads\/2025\/09\/VS25-0216-768x1151.jpg 768w, https:\/\/www.bunteblaetter.com\/wp-content\/uploads\/2025\/09\/VS25-0216-1025x1536.jpg 1025w, https:\/\/www.bunteblaetter.com\/wp-content\/uploads\/2025\/09\/VS25-0216-1366x2048.jpg 1366w, https:\/\/www.bunteblaetter.com\/wp-content\/uploads\/2025\/09\/VS25-0216-scaled.jpg 1708w\" sizes=\"auto, (max-width: 683px) 100vw, 683px\" \/><\/figure>\n<\/div>\n\n\n\n<div class=\"wp-block-column is-vertically-aligned-center is-layout-flow wp-block-column-is-layout-flow\" style=\"flex-basis:61%\">\n<h2 class=\"wp-block-heading\">Dr. Georg Bucher, Vorstandsvorsitzender Steierm\u00e4rkische Sparkasse<\/h2>\n\n\n\n<p>Bei der Steierm\u00e4rkischen Sparkasse steht in jeder Lebensphase der Mensch im Mittelpunkt ihres Handelns. Gerade im Alter ist es wichtig, dass niemand allein gelassen und angepasst an die individuellen Bed\u00fcrfnisse unterst\u00fctzt wird. Bunte Bl\u00e4tter setzt genau hier an und bringt Menschen unterschiedlicher Generationen zusammen und st\u00e4rkt damit Gemeinschaft und Menschlichkeit. Dieses Engagement entspricht auch unserer \u00dcberzeugung basierend auf unserem Gr\u00fcndungsgedanken: Wir begleiten Menschen ein Leben lang, vom ersten Sparbuch bis ins hohe Alter, und f\u00f6rdern Initiativen, die den sozialen Zusammenhalt in unserer Region st\u00e4rken.<\/p>\n\n\n\n<p><\/p>\n<\/div>\n<\/div>\n\n\n\n<div style=\"height:80px\" aria-hidden=\"true\" class=\"wp-block-spacer\"><\/div>\n","protected":false},"excerpt":{"rendered":"<p>Unsere Sponsoren Steierm\u00e4rkische Sparkasse Geriatrische Gesundheitszentren der Stadt Graz Energie Graz Dr. Georg Bucher, Vorstandsvorsitzender Steierm\u00e4rkische Sparkasse Bei der Steierm\u00e4rkischen [&hellip;]<\/p>\n","protected":false},"author":1,"featured_media":0,"parent":0,"menu_order":0,"comment_status":"closed","ping_status":"closed","template":"","meta":{"site-sidebar-layout":"default","site-content-layout":"","ast-site-content-layout":"","site-content-style":"default","site-sidebar-style":"default","ast-global-header-display":"","ast-banner-title-visibility":"","ast-main-header-display":"","ast-hfb-above-header-display":"","ast-hfb-below-header-display":"","ast-hfb-mobile-header-display":"","site-post-title":"disabled","ast-breadcrumbs-content":"","ast-featured-img":"","footer-sml-layout":"","theme-transparent-header-meta":"","adv-header-id-meta":"","stick-header-meta":"","header-above-stick-meta":"","header-main-stick-meta":"","header-below-stick-meta":"","astra-migrate-meta-layouts":"default","ast-page-background-enabled":"default","ast-page-background-meta":{"desktop":{"background-color":"var(--ast-global-color-4)","background-image":"","background-repeat":"repeat","background-position":"center center","background-size":"auto","background-attachment":"scroll","background-type":"","background-media":"","overlay-type":"","overlay-color":"","overlay-opacity":"","overlay-gradient":""},"tablet":{"background-color":"","background-image":"","background-repeat":"repeat","background-position":"center center","background-size":"auto","background-attachment":"scroll","background-type":"","background-media":"","overlay-type":"","overlay-color":"","overlay-opacity":"","overlay-gradient":""},"mobile":{"background-color":"","background-image":"","background-repeat":"repeat","background-position":"center center","background-size":"auto","background-attachment":"scroll","background-type":"","background-media":"","overlay-type":"","overlay-color":"","overlay-opacity":"","overlay-gradient":""}},"ast-content-background-meta":{"desktop":{"background-color":"var(--ast-global-color-5)","background-image":"","background-repeat":"repeat","background-position":"center center","background-size":"auto","background-attachment":"scroll","background-type":"","background-media":"","overlay-type":"","overlay-color":"","overlay-opacity":"","overlay-gradient":""},"tablet":{"background-color":"var(--ast-global-color-5)","background-image":"","background-repeat":"repeat","background-position":"center center","background-size":"auto","background-attachment":"scroll","background-type":"","background-media":"","overlay-type":"","overlay-color":"","overlay-opacity":"","overlay-gradient":""},"mobile":{"background-color":"var(--ast-global-color-5)","background-image":"","background-repeat":"repeat","background-position":"center center","background-size":"auto","background-attachment":"scroll","background-type":"","background-media":"","overlay-type":"","overlay-color":"","overlay-opacity":"","overlay-gradient":""}},"footnotes":""},"class_list":["post-554","page","type-page","status-publish","hentry"],"_links":{"self":[{"href":"https:\/\/www.bunteblaetter.com\/index.php?rest_route=\/wp\/v2\/pages\/554","targetHints":{"allow":["GET"]}}],"collection":[{"href":"https:\/\/www.bunteblaetter.com\/index.php?rest_route=\/wp\/v2\/pages"}],"about":[{"href":"https:\/\/www.bunteblaetter.com\/index.php?rest_route=\/wp\/v2\/types\/page"}],"author":[{"embeddable":true,"href":"https:\/\/www.bunteblaetter.com\/index.php?rest_route=\/wp\/v2\/users\/1"}],"replies":[{"embeddable":true,"href":"https:\/\/www.bunteblaetter.com\/index.php?rest_route=%2Fwp%2Fv2%2Fcomments&post=554"}],"version-history":[{"count":23,"href":"https:\/\/www.bunteblaetter.com\/index.php?rest_route=\/wp\/v2\/pages\/554\/revisions"}],"predecessor-version":[{"id":600,"href":"https:\/\/www.bunteblaetter.com\/index.php?rest_route=\/wp\/v2\/pages\/554\/revisions\/600"}],"wp:attachment":[{"href":"https:\/\/www.bunteblaetter.com\/index.php?rest_route=%2Fwp%2Fv2%2Fmedia&parent=554"}],"curies":[{"name":"wp","href":"https:\/\/api.w.org\/{rel}","templated":true}]}}