{"id":31,"date":"2025-01-29T13:30:48","date_gmt":"2025-01-29T12:30:48","guid":{"rendered":"https:\/\/www.bunteblaetter.com\/?page_id=31"},"modified":"2025-10-13T14:00:21","modified_gmt":"2025-10-13T12:00:21","slug":"team","status":"publish","type":"page","link":"https:\/\/www.bunteblaetter.com\/?page_id=31","title":{"rendered":"Team"},"content":{"rendered":"\n<div style=\"height:80px\" aria-hidden=\"true\" class=\"wp-block-spacer\"><\/div>\n\n\n\n<h1 class=\"wp-block-heading has-text-align-center\">Team<\/h1>\n\n\n\n<div style=\"height:30px\" aria-hidden=\"true\" class=\"wp-block-spacer\"><\/div>\n\n\n\n<figure class=\"wp-block-image aligncenter size-large is-resized\"><img loading=\"lazy\" decoding=\"async\" width=\"1024\" height=\"683\" src=\"https:\/\/www.bunteblaetter.com\/wp-content\/uploads\/2025\/03\/bb_team-14-von-15-1-1024x683.jpg\" alt=\"\" class=\"wp-image-485\" style=\"width:896px;height:auto\" srcset=\"https:\/\/www.bunteblaetter.com\/wp-content\/uploads\/2025\/03\/bb_team-14-von-15-1-1024x683.jpg 1024w, https:\/\/www.bunteblaetter.com\/wp-content\/uploads\/2025\/03\/bb_team-14-von-15-1-300x200.jpg 300w, https:\/\/www.bunteblaetter.com\/wp-content\/uploads\/2025\/03\/bb_team-14-von-15-1-768x512.jpg 768w, https:\/\/www.bunteblaetter.com\/wp-content\/uploads\/2025\/03\/bb_team-14-von-15-1-1536x1025.jpg 1536w, https:\/\/www.bunteblaetter.com\/wp-content\/uploads\/2025\/03\/bb_team-14-von-15-1-2048x1366.jpg 2048w\" sizes=\"auto, (max-width: 1024px) 100vw, 1024px\" \/><\/figure>\n\n\n\n<div style=\"height:80px\" aria-hidden=\"true\" class=\"wp-block-spacer\"><\/div>\n\n\n\n<div class=\"wp-block-media-text is-stacked-on-mobile is-vertically-aligned-top\"><figure class=\"wp-block-media-text__media\"><img loading=\"lazy\" decoding=\"async\" width=\"942\" height=\"1024\" src=\"https:\/\/www.bunteblaetter.com\/wp-content\/uploads\/2025\/10\/Birgit-neu-942x1024.jpg\" alt=\"\" class=\"wp-image-602 size-full\" srcset=\"https:\/\/www.bunteblaetter.com\/wp-content\/uploads\/2025\/10\/Birgit-neu-942x1024.jpg 942w, https:\/\/www.bunteblaetter.com\/wp-content\/uploads\/2025\/10\/Birgit-neu-276x300.jpg 276w, https:\/\/www.bunteblaetter.com\/wp-content\/uploads\/2025\/10\/Birgit-neu-768x835.jpg 768w, https:\/\/www.bunteblaetter.com\/wp-content\/uploads\/2025\/10\/Birgit-neu-1412x1536.jpg 1412w, https:\/\/www.bunteblaetter.com\/wp-content\/uploads\/2025\/10\/Birgit-neu-1883x2048.jpg 1883w\" sizes=\"auto, (max-width: 942px) 100vw, 942px\" \/><\/figure><div class=\"wp-block-media-text__content\">\n<div style=\"height:10px\" aria-hidden=\"true\" class=\"wp-block-spacer\"><\/div>\n\n\n\n<h2 class=\"wp-block-heading\">Mag. Birgit Freidorfer<\/h2>\n\n\n\n<p>Obfrau, Erwachsenenbildnerin f\u00fcr Pers\u00f6nlichkeitsentwicklung und Gesundheitsthemen<\/p>\n\n\n\n<details class=\"wp-block-details is-layout-flow wp-block-details-is-layout-flow\"><summary>LIMA Trainerin<\/summary>\n<p><a href=\"https:\/\/bildung.graz-seckau.at\/einrichtung\/202\/seniorinnenundgeneratione\/artikel_seniorinnenbildun\/article\/18300.html\" target=\"_blank\" rel=\"noreferrer noopener\">LIMA<\/a> steht f\u00fcr Lebensqualit\u00e4t IM Alter und ist ein spezielles Trainingsprogramm f\u00fcr Menschen im Alter von 60+. Die ihre Selbstbestimmtheit lange erhalten wollen: Durch Bewegung, kreatives Ged\u00e4chtnistraining, das St\u00e4rken von Alltagskompetenzen und Sprech- und Wortschatz\u00fcbungen.<\/p>\n<\/details>\n\n\n\n<div style=\"height:30px\" aria-hidden=\"true\" class=\"wp-block-spacer\"><\/div>\n\n\n\n<p><em>\u201eDu kannst nicht zur\u00fcckgehen und den Anfang \u00e4ndern, aber du kannst jetzt anfangen und das Ende \u00e4ndern!\u201c<\/em> C.S. Lewis<\/p>\n\n\n\n<p>Es ist mir ein Herzensanliegen, Menschen in den Pflegewohnheimen der Stadt Graz zu unterst\u00fctzen, die in ihrer Selbstbestimmtheit stark eingeschr\u00e4nkt sind.<\/p>\n\n\n\n<p>Ich vernetze Menschen, die eine sinnerf\u00fcllende Aufgabe suchen mit Menschen, die sich \u00fcber Besuche freuen. Und in der gemeinsamen Zeit angeregt werden, sich zu unterhalten, zu bewegen, zu spielen, Zeit zu gestalten. Das Sch\u00f6nste: Es entstehen herzliche Verbindungen, die die Lebensqualit\u00e4t aller Beteiligten erh\u00f6ht.<\/p>\n<\/div><\/div>\n\n\n\n<div style=\"height:40px\" aria-hidden=\"true\" class=\"wp-block-spacer\"><\/div>\n\n\n\n<div class=\"wp-block-media-text is-stacked-on-mobile is-vertically-aligned-top\"><figure class=\"wp-block-media-text__media\"><img loading=\"lazy\" decoding=\"async\" width=\"1024\" height=\"1024\" src=\"https:\/\/www.bunteblaetter.com\/wp-content\/uploads\/2025\/03\/umdasch_resch-1024x1024.jpg\" alt=\"\" class=\"wp-image-480 size-full\" srcset=\"https:\/\/www.bunteblaetter.com\/wp-content\/uploads\/2025\/03\/umdasch_resch-1024x1024.jpg 1024w, https:\/\/www.bunteblaetter.com\/wp-content\/uploads\/2025\/03\/umdasch_resch-300x300.jpg 300w, https:\/\/www.bunteblaetter.com\/wp-content\/uploads\/2025\/03\/umdasch_resch-150x150.jpg 150w, https:\/\/www.bunteblaetter.com\/wp-content\/uploads\/2025\/03\/umdasch_resch-768x768.jpg 768w, https:\/\/www.bunteblaetter.com\/wp-content\/uploads\/2025\/03\/umdasch_resch-1536x1536.jpg 1536w, https:\/\/www.bunteblaetter.com\/wp-content\/uploads\/2025\/03\/umdasch_resch-2048x2048.jpg 2048w\" sizes=\"auto, (max-width: 1024px) 100vw, 1024px\" \/><\/figure><div class=\"wp-block-media-text__content\">\n<div style=\"height:10px\" aria-hidden=\"true\" class=\"wp-block-spacer\"><\/div>\n\n\n\n<h2 class=\"wp-block-heading\">DSA Maria Umdasch-Resch MA <\/h2>\n\n\n\n<p>Obfrau-Stellvertreterin, eh. Sozialarbeiterin im Grazer Sozialamt<\/p>\n\n\n\n<p><em>\u201eGl\u00fcck bedeutet, die Welt ein bisschen liebenswerter zu machen.\u201c<\/em><\/p>\n\n\n\n<p>Zu diesem Gl\u00fcck will ich beitragen. Ich bin in einer Gro\u00dffamilie aufgewachsen, so ist mir der Umgang mit \u00e4lteren Menschen sehr vertraut. Dadurch war es naheliegend, dass ich die Begleitung von Senioren w\u00e4hlte.<\/p>\n\n\n\n<p>Es erf\u00fcllt mich, f\u00fcr Heimbewohner:innen da zu sein und mit unserem Tun ihren Aufenthalt angenehmer und liebenswerter zu gestalten.<\/p>\n\n\n\n<p>Mit meinem fachlichen Wissen und meinen Erfahrungen in der Sozialarbeit mit Erwachsenen stehe ich den Seniorenbegleiter:innen auch sehr gerne f\u00fcr Fragen und gedanklichen Austausch zur Verf\u00fcgung.<\/p>\n<\/div><\/div>\n\n\n\n<div style=\"height:40px\" aria-hidden=\"true\" class=\"wp-block-spacer\"><\/div>\n\n\n\n<div class=\"wp-block-media-text is-stacked-on-mobile is-vertically-aligned-top\"><figure class=\"wp-block-media-text__media\"><img loading=\"lazy\" decoding=\"async\" width=\"1024\" height=\"1024\" src=\"https:\/\/www.bunteblaetter.com\/wp-content\/uploads\/2025\/03\/bb_team-5-von-15-1024x1024.jpeg\" alt=\"\" class=\"wp-image-443 size-full\" srcset=\"https:\/\/www.bunteblaetter.com\/wp-content\/uploads\/2025\/03\/bb_team-5-von-15-1024x1024.jpeg 1024w, https:\/\/www.bunteblaetter.com\/wp-content\/uploads\/2025\/03\/bb_team-5-von-15-300x300.jpeg 300w, https:\/\/www.bunteblaetter.com\/wp-content\/uploads\/2025\/03\/bb_team-5-von-15-150x150.jpeg 150w, https:\/\/www.bunteblaetter.com\/wp-content\/uploads\/2025\/03\/bb_team-5-von-15-768x768.jpeg 768w, https:\/\/www.bunteblaetter.com\/wp-content\/uploads\/2025\/03\/bb_team-5-von-15-1536x1536.jpeg 1536w, https:\/\/www.bunteblaetter.com\/wp-content\/uploads\/2025\/03\/bb_team-5-von-15.jpeg 1661w\" sizes=\"auto, (max-width: 1024px) 100vw, 1024px\" \/><\/figure><div class=\"wp-block-media-text__content\">\n<div style=\"height:10px\" aria-hidden=\"true\" class=\"wp-block-spacer\"><\/div>\n\n\n\n<h2 class=\"wp-block-heading\">Sharkawi Mariam, BEd <\/h2>\n\n\n\n<p>Vereinssekret\u00e4rin, Lehrerin<\/p>\n\n\n\n<p><em>&#8222;Sei liebevoller zu dir selbst.&#8220;<\/em><\/p>\n\n\n\n<p>Als Lehrerin sehe ich in meiner t\u00e4glichen Arbeit mit Menschen, wie wichtig Zuwendung und Aufmerksamkeit sind. Diese wertvolle Erfahrung kann ich in den Verein f\u00fcr etwas Sinnvolles einbringen. Es macht mich gl\u00fccklich, Menschen zu motivieren und sie dabei zu unterst\u00fctzen, sich ehrenamtlich f\u00fcr Besuche in Pflegeheimen zu engagieren. Jedes L\u00e4cheln, jede gehaltene Hand und jedes Gespr\u00e4ch kann f\u00fcr \u00e4ltere, oft einsame Menschen, einen gro\u00dfen Unterschied machen. Zu wissen, dass unsere Arbeit das Leben dieser Menschen ein wenig heller macht, erf\u00fcllt mich mit Dankbarkeit und Freude.<\/p>\n<\/div><\/div>\n\n\n\n<div style=\"height:40px\" aria-hidden=\"true\" class=\"wp-block-spacer\"><\/div>\n\n\n\n<div class=\"wp-block-media-text is-stacked-on-mobile is-vertically-aligned-top\"><figure class=\"wp-block-media-text__media\"><img loading=\"lazy\" decoding=\"async\" width=\"1024\" height=\"1024\" src=\"https:\/\/www.bunteblaetter.com\/wp-content\/uploads\/2025\/03\/bb_team-11-von-15-1024x1024.jpeg\" alt=\"\" class=\"wp-image-445 size-full\" srcset=\"https:\/\/www.bunteblaetter.com\/wp-content\/uploads\/2025\/03\/bb_team-11-von-15-1024x1024.jpeg 1024w, https:\/\/www.bunteblaetter.com\/wp-content\/uploads\/2025\/03\/bb_team-11-von-15-300x300.jpeg 300w, https:\/\/www.bunteblaetter.com\/wp-content\/uploads\/2025\/03\/bb_team-11-von-15-150x150.jpeg 150w, https:\/\/www.bunteblaetter.com\/wp-content\/uploads\/2025\/03\/bb_team-11-von-15-768x768.jpeg 768w, https:\/\/www.bunteblaetter.com\/wp-content\/uploads\/2025\/03\/bb_team-11-von-15-1536x1536.jpeg 1536w, https:\/\/www.bunteblaetter.com\/wp-content\/uploads\/2025\/03\/bb_team-11-von-15.jpeg 1733w\" sizes=\"auto, (max-width: 1024px) 100vw, 1024px\" \/><\/figure><div class=\"wp-block-media-text__content\">\n<div style=\"height:10px\" aria-hidden=\"true\" class=\"wp-block-spacer\"><\/div>\n\n\n\n<h2 class=\"wp-block-heading\">Robert Zoglmeier, BSc, MSc<\/h2>\n\n\n\n<p>Kassier-Stellvertreter, Gesch\u00e4ftsbereichsleiter der Pflegewohnheime der Geriatrischen Gesundheitszentren GGZ, Heimleiter Pflegewohnheim Peter Rosegger<\/p>\n\n\n\n<p><em>\u201cDie Erinnerung ist das einzige Paradies, aus dem wir nicht vertrieben werden k\u00f6nnen.\u201c<\/em> Jean Paul<\/p>\n\n\n\n<p>Die Bewohner:innen unserer Pflegewohnheime haben in ihrem langen und bewegten Leben Vieles erlebt und gesehen, herausfordernde Momente bew\u00e4ltigt. Aber auch wunderbare Augenblicke erleben d\u00fcrfen, die sie gerne mit anderen Menschen teilen m\u00f6chten.<\/p>\n\n\n\n<p>Ehrenamtliche Begleiter:innen bereichern den Heimalltag und wir sind f\u00fcr jeden Besuch dankbar. Jeder ist ein wichtiger Mosaikstein f\u00fcr die h\u00f6chstm\u00f6gliche Lebensqualit\u00e4t unserer Bewohner:innen. Es z\u00e4hlt zu meinen sch\u00f6nsten Aufgaben, mit unseren lieben Senior:innen Zeit zu verbringen. Diese Momente sind etwas ganz Besonderes und bereichern mein Leben.<\/p>\n<\/div><\/div>\n\n\n\n<div style=\"height:40px\" aria-hidden=\"true\" class=\"wp-block-spacer\"><\/div>\n\n\n\n<div class=\"wp-block-media-text is-stacked-on-mobile is-vertically-aligned-top\"><figure class=\"wp-block-media-text__media\"><img loading=\"lazy\" decoding=\"async\" width=\"1024\" height=\"1024\" src=\"https:\/\/www.bunteblaetter.com\/wp-content\/uploads\/2025\/03\/bb_team-6-von-15-1024x1024.jpeg\" alt=\"\" class=\"wp-image-442 size-full\" srcset=\"https:\/\/www.bunteblaetter.com\/wp-content\/uploads\/2025\/03\/bb_team-6-von-15-1024x1024.jpeg 1024w, https:\/\/www.bunteblaetter.com\/wp-content\/uploads\/2025\/03\/bb_team-6-von-15-300x300.jpeg 300w, https:\/\/www.bunteblaetter.com\/wp-content\/uploads\/2025\/03\/bb_team-6-von-15-150x150.jpeg 150w, https:\/\/www.bunteblaetter.com\/wp-content\/uploads\/2025\/03\/bb_team-6-von-15-768x768.jpeg 768w, https:\/\/www.bunteblaetter.com\/wp-content\/uploads\/2025\/03\/bb_team-6-von-15-1536x1536.jpeg 1536w, https:\/\/www.bunteblaetter.com\/wp-content\/uploads\/2025\/03\/bb_team-6-von-15.jpeg 1733w\" sizes=\"auto, (max-width: 1024px) 100vw, 1024px\" \/><\/figure><div class=\"wp-block-media-text__content\">\n<div style=\"height:10px\" aria-hidden=\"true\" class=\"wp-block-spacer\"><\/div>\n\n\n\n<h2 class=\"wp-block-heading\">Brigitte Wochesl\u00e4nder<\/h2>\n\n\n\n<p>Vorstand, Schriftf\u00fchrerin<\/p>\n\n\n\n<p><em>\u201eWas ein Mensch an Gutem in die Welt bringt, geht nicht verloren\u201c<\/em><\/p>\n\n\n\n<p>Nach meiner Pensionierung suchte ich nach einer sinnvollen Aufgabe, die ich im Verein Bunte Bl\u00e4tter fand. Zun\u00e4chst als Besucherin in verschiedenen Einrichtungen der Geriatrischen Gesundheitszentren und im Wohnmodell \u201eBetreutes Wohnen\u201c. Ich erlebte hautnah, wie viel Freude ein pers\u00f6nlicher Besuch bei den \u00e4lteren Menschen bringen kann. Aber leider auch, wie viele Menschen kaum oder gar keinen Besuch erhalten und vereinsamen.<\/p>\n\n\n\n<p>Es ist mir nach wie vor ein gro\u00dfes Anliegen, Einsamkeit zu verringern und Freude schenken zu k\u00f6nnen.<\/p>\n<\/div><\/div>\n\n\n\n<div style=\"height:40px\" aria-hidden=\"true\" class=\"wp-block-spacer\"><\/div>\n\n\n\n<div class=\"wp-block-media-text is-stacked-on-mobile is-vertically-aligned-top\"><figure class=\"wp-block-media-text__media\"><img loading=\"lazy\" decoding=\"async\" width=\"1024\" height=\"1024\" src=\"https:\/\/www.bunteblaetter.com\/wp-content\/uploads\/2025\/03\/bb_team-1-von-15-1024x1024.jpeg\" alt=\"\" class=\"wp-image-446 size-full\" srcset=\"https:\/\/www.bunteblaetter.com\/wp-content\/uploads\/2025\/03\/bb_team-1-von-15-1024x1024.jpeg 1024w, https:\/\/www.bunteblaetter.com\/wp-content\/uploads\/2025\/03\/bb_team-1-von-15-300x300.jpeg 300w, https:\/\/www.bunteblaetter.com\/wp-content\/uploads\/2025\/03\/bb_team-1-von-15-150x150.jpeg 150w, https:\/\/www.bunteblaetter.com\/wp-content\/uploads\/2025\/03\/bb_team-1-von-15-768x768.jpeg 768w, https:\/\/www.bunteblaetter.com\/wp-content\/uploads\/2025\/03\/bb_team-1-von-15-1536x1536.jpeg 1536w, https:\/\/www.bunteblaetter.com\/wp-content\/uploads\/2025\/03\/bb_team-1-von-15.jpeg 1733w\" sizes=\"auto, (max-width: 1024px) 100vw, 1024px\" \/><\/figure><div class=\"wp-block-media-text__content\">\n<div style=\"height:10px\" aria-hidden=\"true\" class=\"wp-block-spacer\"><\/div>\n\n\n\n<h2 class=\"wp-block-heading\">Mag. (FH) Eva Wochesl\u00e4nder<\/h2>\n\n\n\n<p>Sozialarbeiterin<\/p>\n\n\n\n<p><em>\u201eSei du die Ver\u00e4nderung, die du dir f\u00fcr diese Welt w\u00fcnscht.\u201c <\/em>Mahatma Gandhi<\/p>\n\n\n\n<p>Es ist mir ein Herzensanliegen, dass \u00e4ltere Menschen mehr als nur die notwendige Pflege erhalten. In einer Welt, die oft an den \u00e4lteren Generationen vorbeigeht, k\u00f6nnen wir ihnen W\u00e4rme, N\u00e4he und die wertvolle Aufmerksamkeit schenken, die sie verdienen.<\/p>\n\n\n\n<p>Die Aufgabe im Verein bereichert mein Leben. Ich sp\u00fcre, wie wichtig es ist, Br\u00fccken zu bauen. Zwischen Menschen, die helfen wollen und Menschen, die in Pflegeeinrichtungen leben.<\/p>\n<\/div><\/div>\n\n\n\n<div style=\"height:40px\" aria-hidden=\"true\" class=\"wp-block-spacer\"><\/div>\n\n\n\n<div class=\"wp-block-media-text is-stacked-on-mobile is-vertically-aligned-top\"><figure class=\"wp-block-media-text__media\"><img loading=\"lazy\" decoding=\"async\" width=\"1024\" height=\"1024\" src=\"https:\/\/www.bunteblaetter.com\/wp-content\/uploads\/2025\/03\/bb_team-9-von-15-1024x1024.jpeg\" alt=\"\" class=\"wp-image-441 size-full\" srcset=\"https:\/\/www.bunteblaetter.com\/wp-content\/uploads\/2025\/03\/bb_team-9-von-15-1024x1024.jpeg 1024w, https:\/\/www.bunteblaetter.com\/wp-content\/uploads\/2025\/03\/bb_team-9-von-15-300x300.jpeg 300w, https:\/\/www.bunteblaetter.com\/wp-content\/uploads\/2025\/03\/bb_team-9-von-15-150x150.jpeg 150w, https:\/\/www.bunteblaetter.com\/wp-content\/uploads\/2025\/03\/bb_team-9-von-15-768x768.jpeg 768w, https:\/\/www.bunteblaetter.com\/wp-content\/uploads\/2025\/03\/bb_team-9-von-15-1536x1536.jpeg 1536w, https:\/\/www.bunteblaetter.com\/wp-content\/uploads\/2025\/03\/bb_team-9-von-15.jpeg 1733w\" sizes=\"auto, (max-width: 1024px) 100vw, 1024px\" \/><\/figure><div class=\"wp-block-media-text__content\">\n<div style=\"height:10px\" aria-hidden=\"true\" class=\"wp-block-spacer\"><\/div>\n\n\n\n<h2 class=\"wp-block-heading\">Prof. (FH) DI Mag. Dr. Gerald Hartinger<\/h2>\n\n\n\n<p>Rechnungspr\u00fcfer, MPH Gesch\u00e4ftsf\u00fchrer der Geriatrische Gesundheitszentren<\/p>\n<\/div><\/div>\n\n\n\n<div style=\"height:80px\" aria-hidden=\"true\" class=\"wp-block-spacer\"><\/div>\n","protected":false},"excerpt":{"rendered":"<p>Team<\/p>\n","protected":false},"author":1,"featured_media":0,"parent":0,"menu_order":0,"comment_status":"closed","ping_status":"closed","template":"","meta":{"site-sidebar-layout":"default","site-content-layout":"","ast-site-content-layout":"","site-content-style":"default","site-sidebar-style":"default","ast-global-header-display":"","ast-banner-title-visibility":"","ast-main-header-display":"","ast-hfb-above-header-display":"","ast-hfb-below-header-display":"","ast-hfb-mobile-header-display":"","site-post-title":"disabled","ast-breadcrumbs-content":"","ast-featured-img":"","footer-sml-layout":"","theme-transparent-header-meta":"","adv-header-id-meta":"","stick-header-meta":"","header-above-stick-meta":"","header-main-stick-meta":"","header-below-stick-meta":"","astra-migrate-meta-layouts":"default","ast-page-background-enabled":"default","ast-page-background-meta":{"desktop":{"background-color":"var(--ast-global-color-4)","background-image":"","background-repeat":"repeat","background-position":"center center","background-size":"auto","background-attachment":"scroll","background-type":"","background-media":"","overlay-type":"","overlay-color":"","overlay-opacity":"","overlay-gradient":""},"tablet":{"background-color":"","background-image":"","background-repeat":"repeat","background-position":"center center","background-size":"auto","background-attachment":"scroll","background-type":"","background-media":"","overlay-type":"","overlay-color":"","overlay-opacity":"","overlay-gradient":""},"mobile":{"background-color":"","background-image":"","background-repeat":"repeat","background-position":"center center","background-size":"auto","background-attachment":"scroll","background-type":"","background-media":"","overlay-type":"","overlay-color":"","overlay-opacity":"","overlay-gradient":""}},"ast-content-background-meta":{"desktop":{"background-color":"var(--ast-global-color-5)","background-image":"","background-repeat":"repeat","background-position":"center center","background-size":"auto","background-attachment":"scroll","background-type":"","background-media":"","overlay-type":"","overlay-color":"","overlay-opacity":"","overlay-gradient":""},"tablet":{"background-color":"var(--ast-global-color-5)","background-image":"","background-repeat":"repeat","background-position":"center center","background-size":"auto","background-attachment":"scroll","background-type":"","background-media":"","overlay-type":"","overlay-color":"","overlay-opacity":"","overlay-gradient":""},"mobile":{"background-color":"var(--ast-global-color-5)","background-image":"","background-repeat":"repeat","background-position":"center center","background-size":"auto","background-attachment":"scroll","background-type":"","background-media":"","overlay-type":"","overlay-color":"","overlay-opacity":"","overlay-gradient":""}},"footnotes":""},"class_list":["post-31","page","type-page","status-publish","hentry"],"_links":{"self":[{"href":"https:\/\/www.bunteblaetter.com\/index.php?rest_route=\/wp\/v2\/pages\/31","targetHints":{"allow":["GET"]}}],"collection":[{"href":"https:\/\/www.bunteblaetter.com\/index.php?rest_route=\/wp\/v2\/pages"}],"about":[{"href":"https:\/\/www.bunteblaetter.com\/index.php?rest_route=\/wp\/v2\/types\/page"}],"author":[{"embeddable":true,"href":"https:\/\/www.bunteblaetter.com\/index.php?rest_route=\/wp\/v2\/users\/1"}],"replies":[{"embeddable":true,"href":"https:\/\/www.bunteblaetter.com\/index.php?rest_route=%2Fwp%2Fv2%2Fcomments&post=31"}],"version-history":[{"count":39,"href":"https:\/\/www.bunteblaetter.com\/index.php?rest_route=\/wp\/v2\/pages\/31\/revisions"}],"predecessor-version":[{"id":603,"href":"https:\/\/www.bunteblaetter.com\/index.php?rest_route=\/wp\/v2\/pages\/31\/revisions\/603"}],"wp:attachment":[{"href":"https:\/\/www.bunteblaetter.com\/index.php?rest_route=%2Fwp%2Fv2%2Fmedia&parent=31"}],"curies":[{"name":"wp","href":"https:\/\/api.w.org\/{rel}","templated":true}]}}