{"id":27,"date":"2025-01-29T13:26:49","date_gmt":"2025-01-29T12:26:49","guid":{"rendered":"https:\/\/www.bunteblaetter.com\/?page_id=27"},"modified":"2025-04-07T16:33:15","modified_gmt":"2025-04-07T14:33:15","slug":"kontakt","status":"publish","type":"page","link":"https:\/\/www.bunteblaetter.com\/?page_id=27","title":{"rendered":"Kontakt"},"content":{"rendered":"\n<div style=\"height:80px\" aria-hidden=\"true\" class=\"wp-block-spacer\"><\/div>\n\n\n\n<h1 class=\"wp-block-heading has-text-align-center\">Kontakt<\/h1>\n\n\n\n<div class=\"wp-block-columns alignfull are-vertically-aligned-top is-layout-flex wp-container-core-columns-is-layout-28f84493 wp-block-columns-is-layout-flex\">\n<div class=\"wp-block-column is-vertically-aligned-top is-layout-flow wp-block-column-is-layout-flow\" style=\"flex-basis:100%\">\n<div class=\"wp-block-group is-nowrap is-layout-flex wp-container-core-group-is-layout-6c531013 wp-block-group-is-layout-flex\">\n<div class=\"wp-block-columns are-vertically-aligned-top is-layout-flex wp-container-core-columns-is-layout-28f84493 wp-block-columns-is-layout-flex\">\n<div class=\"wp-block-column is-vertically-aligned-top is-layout-flow wp-block-column-is-layout-flow\" style=\"flex-basis:33.33%\">\n<figure class=\"wp-block-image size-large\"><img loading=\"lazy\" decoding=\"async\" width=\"1024\" height=\"1024\" src=\"https:\/\/www.bunteblaetter.com\/wp-content\/uploads\/2025\/03\/bb_team-5-von-15-1024x1024.jpeg\" alt=\"\" class=\"wp-image-443\" srcset=\"https:\/\/www.bunteblaetter.com\/wp-content\/uploads\/2025\/03\/bb_team-5-von-15-1024x1024.jpeg 1024w, https:\/\/www.bunteblaetter.com\/wp-content\/uploads\/2025\/03\/bb_team-5-von-15-300x300.jpeg 300w, https:\/\/www.bunteblaetter.com\/wp-content\/uploads\/2025\/03\/bb_team-5-von-15-150x150.jpeg 150w, https:\/\/www.bunteblaetter.com\/wp-content\/uploads\/2025\/03\/bb_team-5-von-15-768x768.jpeg 768w, https:\/\/www.bunteblaetter.com\/wp-content\/uploads\/2025\/03\/bb_team-5-von-15-1536x1536.jpeg 1536w, https:\/\/www.bunteblaetter.com\/wp-content\/uploads\/2025\/03\/bb_team-5-von-15.jpeg 1661w\" sizes=\"auto, (max-width: 1024px) 100vw, 1024px\" \/><\/figure>\n<\/div>\n\n\n\n<div class=\"wp-block-column is-vertically-aligned-top is-layout-flow wp-block-column-is-layout-flow\" style=\"flex-basis:66.66%\">\n<h2 class=\"wp-block-heading has-text-align-left\">Mariam Sharkawi &#8211; Vereinssekret\u00e4rin<\/h2>\n\n\n\n<div style=\"height:10px\" aria-hidden=\"true\" class=\"wp-block-spacer\"><\/div>\n\n\n\n<p>B\u00dcROZEIT: Montag von 14.00 Uhr bis 17.00 Uhr<\/p>\n\n\n\n<p>Bitte vereinbaren Sie einen Termin mit uns: telefonisch, w\u00e4hrend der B\u00fcrozeit am Montag oder \u00fcber Email.<\/p>\n\n\n\n<p>Wir freuen uns \u00fcber Ihr Interesse. <\/p>\n\n\n\n<ul class=\"wp-block-list\">\n<li><a href=\"https:\/\/www.google.at\/maps\/place\/Albert-Schweitzer-Gasse+36,+8020+Graz\/@47.063954,15.427427,600m\/data=!3m2!1e3!4b1!4m6!3m5!1s0x476e357abefe39a3:0x93d9a278efcab98b!8m2!3d47.063954!4d15.4300019!16s%2Fg%2F11c1wzw7fm?entry=ttu&amp;g_ep=EgoyMDI1MDEyOS4xIKXMDSoASAFQAw%3D%3D\" data-type=\"link\" data-id=\"https:\/\/www.google.at\/maps\/place\/Albert-Schweitzer-Gasse+36,+8020+Graz\/@47.063954,15.427427,600m\/data=!3m2!1e3!4b1!4m6!3m5!1s0x476e357abefe39a3:0x93d9a278efcab98b!8m2!3d47.063954!4d15.4300019!16s%2Fg%2F11c1wzw7fm?entry=ttu&amp;g_ep=EgoyMDI1MDEyOS4xIKXMDSoASAFQAw%3D%3D\" target=\"_blank\" rel=\"noreferrer noopener\">Albert-Schweitzer-Gasse 36, 8010 Graz<\/a><\/li>\n\n\n\n<li><a href=\"tel: 436509129128\" target=\"_blank\" rel=\"noreferrer noopener\">+43 (0) 650 91 29 128<\/a><\/li>\n\n\n\n<li><a href=\"mailto:office@bunteblaetter.com\" target=\"_blank\" rel=\"noreferrer noopener\">office@bunteblaetter.com<\/a><\/li>\n<\/ul>\n<\/div>\n<\/div>\n<\/div>\n<\/div>\n<\/div>\n\n\n\n<div style=\"height:80px\" aria-hidden=\"true\" class=\"wp-block-spacer\"><\/div>\n\n\n\n<p><\/p>\n","protected":false},"excerpt":{"rendered":"<p>Kontakt Mariam Sharkawi &#8211; Vereinssekret\u00e4rin B\u00dcROZEIT: Montag von 14.00 Uhr bis 17.00 Uhr Bitte vereinbaren Sie einen Termin mit uns: [&hellip;]<\/p>\n","protected":false},"author":1,"featured_media":0,"parent":0,"menu_order":0,"comment_status":"closed","ping_status":"closed","template":"","meta":{"site-sidebar-layout":"default","site-content-layout":"","ast-site-content-layout":"","site-content-style":"default","site-sidebar-style":"default","ast-global-header-display":"","ast-banner-title-visibility":"","ast-main-header-display":"","ast-hfb-above-header-display":"","ast-hfb-below-header-display":"","ast-hfb-mobile-header-display":"","site-post-title":"disabled","ast-breadcrumbs-content":"","ast-featured-img":"","footer-sml-layout":"","theme-transparent-header-meta":"","adv-header-id-meta":"","stick-header-meta":"","header-above-stick-meta":"","header-main-stick-meta":"","header-below-stick-meta":"","astra-migrate-meta-layouts":"default","ast-page-background-enabled":"default","ast-page-background-meta":{"desktop":{"background-color":"var(--ast-global-color-4)","background-image":"","background-repeat":"repeat","background-position":"center center","background-size":"auto","background-attachment":"scroll","background-type":"","background-media":"","overlay-type":"","overlay-color":"","overlay-opacity":"","overlay-gradient":""},"tablet":{"background-color":"","background-image":"","background-repeat":"repeat","background-position":"center center","background-size":"auto","background-attachment":"scroll","background-type":"","background-media":"","overlay-type":"","overlay-color":"","overlay-opacity":"","overlay-gradient":""},"mobile":{"background-color":"","background-image":"","background-repeat":"repeat","background-position":"center center","background-size":"auto","background-attachment":"scroll","background-type":"","background-media":"","overlay-type":"","overlay-color":"","overlay-opacity":"","overlay-gradient":""}},"ast-content-background-meta":{"desktop":{"background-color":"var(--ast-global-color-5)","background-image":"","background-repeat":"repeat","background-position":"center center","background-size":"auto","background-attachment":"scroll","background-type":"","background-media":"","overlay-type":"","overlay-color":"","overlay-opacity":"","overlay-gradient":""},"tablet":{"background-color":"var(--ast-global-color-5)","background-image":"","background-repeat":"repeat","background-position":"center center","background-size":"auto","background-attachment":"scroll","background-type":"","background-media":"","overlay-type":"","overlay-color":"","overlay-opacity":"","overlay-gradient":""},"mobile":{"background-color":"var(--ast-global-color-5)","background-image":"","background-repeat":"repeat","background-position":"center center","background-size":"auto","background-attachment":"scroll","background-type":"","background-media":"","overlay-type":"","overlay-color":"","overlay-opacity":"","overlay-gradient":""}},"footnotes":""},"class_list":["post-27","page","type-page","status-publish","hentry"],"_links":{"self":[{"href":"https:\/\/www.bunteblaetter.com\/index.php?rest_route=\/wp\/v2\/pages\/27","targetHints":{"allow":["GET"]}}],"collection":[{"href":"https:\/\/www.bunteblaetter.com\/index.php?rest_route=\/wp\/v2\/pages"}],"about":[{"href":"https:\/\/www.bunteblaetter.com\/index.php?rest_route=\/wp\/v2\/types\/page"}],"author":[{"embeddable":true,"href":"https:\/\/www.bunteblaetter.com\/index.php?rest_route=\/wp\/v2\/users\/1"}],"replies":[{"embeddable":true,"href":"https:\/\/www.bunteblaetter.com\/index.php?rest_route=%2Fwp%2Fv2%2Fcomments&post=27"}],"version-history":[{"count":21,"href":"https:\/\/www.bunteblaetter.com\/index.php?rest_route=\/wp\/v2\/pages\/27\/revisions"}],"predecessor-version":[{"id":584,"href":"https:\/\/www.bunteblaetter.com\/index.php?rest_route=\/wp\/v2\/pages\/27\/revisions\/584"}],"wp:attachment":[{"href":"https:\/\/www.bunteblaetter.com\/index.php?rest_route=%2Fwp%2Fv2%2Fmedia&parent=27"}],"curies":[{"name":"wp","href":"https:\/\/api.w.org\/{rel}","templated":true}]}}