{"id":19,"date":"2025-01-29T13:25:02","date_gmt":"2025-01-29T12:25:02","guid":{"rendered":"https:\/\/www.bunteblaetter.com\/?page_id=19"},"modified":"2025-04-03T16:28:09","modified_gmt":"2025-04-03T14:28:09","slug":"ueber-uns","status":"publish","type":"page","link":"https:\/\/www.bunteblaetter.com\/?page_id=19","title":{"rendered":"\u00dcber uns"},"content":{"rendered":"\n<div style=\"height:75px\" aria-hidden=\"true\" class=\"wp-block-spacer\"><\/div>\n\n\n\n<h1 class=\"wp-block-heading has-text-align-center\">\u00dcber uns<\/h1>\n\n\n\n<div style=\"height:33px\" aria-hidden=\"true\" class=\"wp-block-spacer\"><\/div>\n\n\n\n<p>In Zusammenarbeit von Fachleuten aus den Bereichen Pflege, Medizin, Gerontologie, Sozialarbeit, Psychologie, der Rechtssprechung wie auch der Altenanimation entstand im Jahr 2006 eine Plattform engagierter B\u00fcrgerInnen, die das Wohl von SeniorInnen in station\u00e4ren Einrichtungen mitgestalten wollen.<\/p>\n\n\n\n<p>Die BUNTEN BL\u00c4TTER sind in den Geriatrischen Gesundheitszentren der Stadt Graz (Albert Schweitzer-Klinik, Pflegewohnheim Rosenhain, Pflegewohnheim Geidorf\/Seniorenzentrum) und im Pflegeheim Nestelbach t\u00e4tig.<\/p>\n\n\n\n<p>Einige unserer \u00e4lteren Mitmenschen befinden sich in diesen station\u00e4ren Einrichtungen. Viele von ihnen haben kaum Kontakte nach au\u00dfen. Auch wenn die medizinische, pflegerische und psychosoziale Betreuung der PatientInnen dem h\u00f6chsten Standard entspricht, kommt es oft zum emotionalen und sozialen R\u00fcckzug. Wissenschaftliche Untersuchungen haben jedoch gezeigt, dass regelm\u00e4\u00dfige Besuche zum Wohlbefinden und zur Gesundheit \u00e4lterer Menschen beitragen.<\/p>\n\n\n\n<p>Die haben wir zu unserer Berufung gemacht, daher organisiert und begleitet der Verein BUNTE BL\u00c4TTER freiwillige Besuchsdienste.<\/p>\n\n\n\n<div style=\"height:30px\" aria-hidden=\"true\" class=\"wp-block-spacer\"><\/div>\n\n\n\n<div class=\"wp-block-media-text is-stacked-on-mobile\" style=\"grid-template-columns:45% auto\"><figure class=\"wp-block-media-text__media\"><img loading=\"lazy\" decoding=\"async\" width=\"1024\" height=\"982\" src=\"https:\/\/www.bunteblaetter.com\/wp-content\/uploads\/2025\/02\/MG_5273-scaled-e1742458989739-1024x982.jpeg\" alt=\"\" class=\"wp-image-241 size-full\" srcset=\"https:\/\/www.bunteblaetter.com\/wp-content\/uploads\/2025\/02\/MG_5273-scaled-e1742458989739-1024x982.jpeg 1024w, https:\/\/www.bunteblaetter.com\/wp-content\/uploads\/2025\/02\/MG_5273-scaled-e1742458989739-300x288.jpeg 300w, https:\/\/www.bunteblaetter.com\/wp-content\/uploads\/2025\/02\/MG_5273-scaled-e1742458989739-768x736.jpeg 768w, https:\/\/www.bunteblaetter.com\/wp-content\/uploads\/2025\/02\/MG_5273-scaled-e1742458989739-1536x1473.jpeg 1536w, https:\/\/www.bunteblaetter.com\/wp-content\/uploads\/2025\/02\/MG_5273-scaled-e1742458989739.jpeg 1779w\" sizes=\"auto, (max-width: 1024px) 100vw, 1024px\" \/><\/figure><div class=\"wp-block-media-text__content\">\n<p>Sie sind als freiwillige BesucherInnen willkommen, wenn Sie &#8230;<\/p>\n\n\n\n<ul class=\"wp-block-list\">\n<li>eine sinnvolle Aufgabe suchen<\/li>\n\n\n\n<li>sich auf alte Menschen und ihre Bed\u00fcrfnisse einstellen k\u00f6nnen<\/li>\n\n\n\n<li>bereit sind, einen alten Menschen regelm\u00e4\u00dfig (1-2mal pro Woche) zu besuchen<\/li>\n\n\n\n<li>sich der Aufgabe seelisch und k\u00f6rperlich gewachsen f\u00fchlen&nbsp;<\/li>\n<\/ul>\n\n\n\n<div style=\"height:30px\" aria-hidden=\"true\" class=\"wp-block-spacer\"><\/div>\n\n\n\n<p>Der Verein BUNTE BL\u00c4TTER bietet Ihnen:<\/p>\n\n\n\n<ul class=\"wp-block-list\">\n<li>ein ausf\u00fchrliches Informationsgespr\u00e4ch<\/li>\n\n\n\n<li>laufende Beratung f\u00fcr Ihre T\u00e4tigkeit<\/li>\n\n\n\n<li>regelm\u00e4\u00dfige Treffen zum Austausch mit anderen BesucherInnen<\/li>\n\n\n\n<li>Vortr\u00e4ge und Diskussionsrunden zur Weiterbildung<\/li>\n\n\n\n<li>eine Unfallversicherung<\/li>\n<\/ul>\n<\/div><\/div>\n\n\n\n<div style=\"height:30px\" aria-hidden=\"true\" class=\"wp-block-spacer\"><\/div>\n\n\n\n<figure class=\"wp-block-embed is-type-video is-provider-youtube wp-block-embed-youtube wp-embed-aspect-16-9 wp-has-aspect-ratio\"><div class=\"wp-block-embed__wrapper\">\n<div class=\"ast-oembed-container \" style=\"height: 100%;\"><iframe loading=\"lazy\" title=\"Wer wir sind und f\u00fcr was wir stehen! Bunte Bl\u00e4tter\" width=\"500\" height=\"281\" src=\"https:\/\/www.youtube.com\/embed\/Nfmsij-zV28?start=1&#038;feature=oembed\" frameborder=\"0\" allow=\"accelerometer; autoplay; clipboard-write; encrypted-media; gyroscope; picture-in-picture; web-share\" referrerpolicy=\"strict-origin-when-cross-origin\" allowfullscreen><\/iframe><\/div>\n<\/div><\/figure>\n\n\n\n<div style=\"height:75px\" aria-hidden=\"true\" class=\"wp-block-spacer\"><\/div>\n","protected":false},"excerpt":{"rendered":"<p>\u00dcber uns In Zusammenarbeit von Fachleuten aus den Bereichen Pflege, Medizin, Gerontologie, Sozialarbeit, Psychologie, der Rechtssprechung wie auch der Altenanimation [&hellip;]<\/p>\n","protected":false},"author":1,"featured_media":0,"parent":0,"menu_order":0,"comment_status":"closed","ping_status":"closed","template":"","meta":{"site-sidebar-layout":"default","site-content-layout":"","ast-site-content-layout":"","site-content-style":"default","site-sidebar-style":"default","ast-global-header-display":"","ast-banner-title-visibility":"","ast-main-header-display":"","ast-hfb-above-header-display":"","ast-hfb-below-header-display":"","ast-hfb-mobile-header-display":"","site-post-title":"disabled","ast-breadcrumbs-content":"","ast-featured-img":"","footer-sml-layout":"","theme-transparent-header-meta":"","adv-header-id-meta":"","stick-header-meta":"","header-above-stick-meta":"","header-main-stick-meta":"","header-below-stick-meta":"","astra-migrate-meta-layouts":"default","ast-page-background-enabled":"default","ast-page-background-meta":{"desktop":{"background-color":"var(--ast-global-color-4)","background-image":"","background-repeat":"repeat","background-position":"center center","background-size":"auto","background-attachment":"scroll","background-type":"","background-media":"","overlay-type":"","overlay-color":"","overlay-opacity":"","overlay-gradient":""},"tablet":{"background-color":"","background-image":"","background-repeat":"repeat","background-position":"center center","background-size":"auto","background-attachment":"scroll","background-type":"","background-media":"","overlay-type":"","overlay-color":"","overlay-opacity":"","overlay-gradient":""},"mobile":{"background-color":"","background-image":"","background-repeat":"repeat","background-position":"center center","background-size":"auto","background-attachment":"scroll","background-type":"","background-media":"","overlay-type":"","overlay-color":"","overlay-opacity":"","overlay-gradient":""}},"ast-content-background-meta":{"desktop":{"background-color":"var(--ast-global-color-5)","background-image":"","background-repeat":"repeat","background-position":"center center","background-size":"auto","background-attachment":"scroll","background-type":"","background-media":"","overlay-type":"","overlay-color":"","overlay-opacity":"","overlay-gradient":""},"tablet":{"background-color":"var(--ast-global-color-5)","background-image":"","background-repeat":"repeat","background-position":"center center","background-size":"auto","background-attachment":"scroll","background-type":"","background-media":"","overlay-type":"","overlay-color":"","overlay-opacity":"","overlay-gradient":""},"mobile":{"background-color":"var(--ast-global-color-5)","background-image":"","background-repeat":"repeat","background-position":"center center","background-size":"auto","background-attachment":"scroll","background-type":"","background-media":"","overlay-type":"","overlay-color":"","overlay-opacity":"","overlay-gradient":""}},"footnotes":""},"class_list":["post-19","page","type-page","status-publish","hentry"],"_links":{"self":[{"href":"https:\/\/www.bunteblaetter.com\/index.php?rest_route=\/wp\/v2\/pages\/19","targetHints":{"allow":["GET"]}}],"collection":[{"href":"https:\/\/www.bunteblaetter.com\/index.php?rest_route=\/wp\/v2\/pages"}],"about":[{"href":"https:\/\/www.bunteblaetter.com\/index.php?rest_route=\/wp\/v2\/types\/page"}],"author":[{"embeddable":true,"href":"https:\/\/www.bunteblaetter.com\/index.php?rest_route=\/wp\/v2\/users\/1"}],"replies":[{"embeddable":true,"href":"https:\/\/www.bunteblaetter.com\/index.php?rest_route=%2Fwp%2Fv2%2Fcomments&post=19"}],"version-history":[{"count":36,"href":"https:\/\/www.bunteblaetter.com\/index.php?rest_route=\/wp\/v2\/pages\/19\/revisions"}],"predecessor-version":[{"id":533,"href":"https:\/\/www.bunteblaetter.com\/index.php?rest_route=\/wp\/v2\/pages\/19\/revisions\/533"}],"wp:attachment":[{"href":"https:\/\/www.bunteblaetter.com\/index.php?rest_route=%2Fwp%2Fv2%2Fmedia&parent=19"}],"curies":[{"name":"wp","href":"https:\/\/api.w.org\/{rel}","templated":true}]}}