{"id":16,"date":"2024-10-13T18:14:19","date_gmt":"2024-10-13T16:14:19","guid":{"rendered":"https:\/\/www.bunteblaetter.com\/?page_id=16"},"modified":"2025-04-02T18:16:00","modified_gmt":"2025-04-02T16:16:00","slug":"startseite","status":"publish","type":"page","link":"https:\/\/www.bunteblaetter.com\/","title":{"rendered":""},"content":{"rendered":"\n<p class=\"has-text-align-center\">Wir sind ein gemeinn\u00fctziger Verein f\u00fcr ehrenamtliche Begleitung und Betreuung von Senior:innen (seit 2006)<\/p>\n\n\n\n<div class=\"alignnormal\"><div id=\"metaslider-id-47\" style=\"max-width: 900px; margin: 0 auto;\" class=\"ml-slider-3-95-0 metaslider metaslider-flex metaslider-47 ml-slider has-onhover-arrows ms-theme-outline nav-hidden\" role=\"region\" aria-roledescription=\"Slideshow\" aria-label=\"New Slideshow\">\n    <div id=\"metaslider_container_47\">\n        <div id=\"metaslider_47\">\n            <ul class='slides'>\n                <li style=\"display: block; width: 100%;\" class=\"slide-53 ms-image \" aria-roledescription=\"slide\" aria-label=\"slide-53\"><img loading=\"lazy\" decoding=\"async\" src=\"https:\/\/www.bunteblaetter.com\/wp-content\/uploads\/2025\/02\/MG_5157-scaled-900x450.jpeg\" height=\"450\" width=\"900\" alt=\"\" class=\"slider-47 slide-53\" title=\"Bunte_Bl\u00e4tter\" \/><\/li>\n                <li style=\"display: none; width: 100%;\" class=\"slide-244 ms-image \" aria-roledescription=\"slide\" aria-label=\"slide-244\"><img loading=\"lazy\" decoding=\"async\" src=\"https:\/\/www.bunteblaetter.com\/wp-content\/uploads\/2025\/02\/MG_5224-scaled-900x450.jpeg\" height=\"450\" width=\"900\" alt=\"\" class=\"slider-47 slide-244\" title=\"Bunte_Bl\u00e4tter\" \/><\/li>\n                <li style=\"display: none; width: 100%;\" class=\"slide-246 ms-image \" aria-roledescription=\"slide\" aria-label=\"slide-246\"><img loading=\"lazy\" decoding=\"async\" src=\"https:\/\/www.bunteblaetter.com\/wp-content\/uploads\/2025\/02\/MG_5100-scaled-900x450.jpeg\" height=\"450\" width=\"900\" alt=\"\" class=\"slider-47 slide-246\" title=\"Bunte_Bl\u00e4tter\" \/><\/li>\n                <li style=\"display: none; width: 100%;\" class=\"slide-243 ms-image \" aria-roledescription=\"slide\" aria-label=\"slide-243\"><img loading=\"lazy\" decoding=\"async\" src=\"https:\/\/www.bunteblaetter.com\/wp-content\/uploads\/2025\/02\/MG_5152-scaled-900x450.jpeg\" height=\"450\" width=\"900\" alt=\"\" class=\"slider-47 slide-243\" title=\"Bunte_Bl\u00e4tter\" \/><\/li>\n                <li style=\"display: none; width: 100%;\" class=\"slide-247 ms-image \" aria-roledescription=\"slide\" aria-label=\"slide-247\"><img loading=\"lazy\" decoding=\"async\" src=\"https:\/\/www.bunteblaetter.com\/wp-content\/uploads\/2025\/02\/MG_5293-scaled-900x450.jpeg\" height=\"450\" width=\"900\" alt=\"\" class=\"slider-47 slide-247\" title=\"Bunte_Bl\u00e4tter\" \/><\/li>\n            <\/ul>\n        <\/div>\n        \n    <\/div>\n<\/div><\/div>\n\n\n\n<div style=\"height:50px\" aria-hidden=\"true\" class=\"wp-block-spacer\"><\/div>\n\n\n\n<p>Im Herbst verlagern B\u00e4ume das Chlorophyll von den Bl\u00e4ttern in die \u00c4ste und St\u00e4mme. Die Bl\u00e4tter werden bunt. Goldenes Licht blitzt zwischen den \u00c4sten und dem roten, gelben und orangen Herbstlaub hervor.<\/p>\n\n\n\n<p>Auch wir Menschen erreichen die Lebenszeit des Sp\u00e4therbstes. Wie bunte Bl\u00e4tter zeigen sich Erfahrungen und Lebensspuren in den verschiedenen Pers\u00f6nlichkeiten.<\/p>\n\n\n\n<p>Als ehrenamtliche Seniorenbegleiter:in schenken Sie einsamen, alten Menschen 1-2 Stunden pro Woche Zeit der Begegnung, Kommunikation und Verbundenheit in einem der Pflegewohnheime der Stadt Graz. Vor allem dort, wo famili\u00e4re Beziehungen fehlen<\/p>\n\n\n\n<div style=\"height:30px\" aria-hidden=\"true\" class=\"wp-block-spacer\"><\/div>\n","protected":false},"excerpt":{"rendered":"<p>Wir sind ein gemeinn\u00fctziger Verein f\u00fcr ehrenamtliche Begleitung und Betreuung von Senior:innen (seit 2006) Im Herbst verlagern B\u00e4ume das Chlorophyll [&hellip;]<\/p>\n","protected":false},"author":1,"featured_media":0,"parent":0,"menu_order":0,"comment_status":"closed","ping_status":"closed","template":"","meta":{"site-sidebar-layout":"default","site-content-layout":"","ast-site-content-layout":"","site-content-style":"default","site-sidebar-style":"default","ast-global-header-display":"","ast-banner-title-visibility":"","ast-main-header-display":"","ast-hfb-above-header-display":"","ast-hfb-below-header-display":"","ast-hfb-mobile-header-display":"","site-post-title":"","ast-breadcrumbs-content":"","ast-featured-img":"","footer-sml-layout":"","theme-transparent-header-meta":"","adv-header-id-meta":"","stick-header-meta":"","header-above-stick-meta":"","header-main-stick-meta":"","header-below-stick-meta":"","astra-migrate-meta-layouts":"default","ast-page-background-enabled":"default","ast-page-background-meta":{"desktop":{"background-color":"var(--ast-global-color-4)","background-image":"","background-repeat":"repeat","background-position":"center center","background-size":"auto","background-attachment":"scroll","background-type":"","background-media":"","overlay-type":"","overlay-color":"","overlay-opacity":"","overlay-gradient":""},"tablet":{"background-color":"","background-image":"","background-repeat":"repeat","background-position":"center center","background-size":"auto","background-attachment":"scroll","background-type":"","background-media":"","overlay-type":"","overlay-color":"","overlay-opacity":"","overlay-gradient":""},"mobile":{"background-color":"","background-image":"","background-repeat":"repeat","background-position":"center center","background-size":"auto","background-attachment":"scroll","background-type":"","background-media":"","overlay-type":"","overlay-color":"","overlay-opacity":"","overlay-gradient":""}},"ast-content-background-meta":{"desktop":{"background-color":"var(--ast-global-color-5)","background-image":"","background-repeat":"repeat","background-position":"center center","background-size":"auto","background-attachment":"scroll","background-type":"","background-media":"","overlay-type":"","overlay-color":"","overlay-opacity":"","overlay-gradient":""},"tablet":{"background-color":"var(--ast-global-color-5)","background-image":"","background-repeat":"repeat","background-position":"center center","background-size":"auto","background-attachment":"scroll","background-type":"","background-media":"","overlay-type":"","overlay-color":"","overlay-opacity":"","overlay-gradient":""},"mobile":{"background-color":"var(--ast-global-color-5)","background-image":"","background-repeat":"repeat","background-position":"center center","background-size":"auto","background-attachment":"scroll","background-type":"","background-media":"","overlay-type":"","overlay-color":"","overlay-opacity":"","overlay-gradient":""}},"footnotes":""},"class_list":["post-16","page","type-page","status-publish","hentry"],"_links":{"self":[{"href":"https:\/\/www.bunteblaetter.com\/index.php?rest_route=\/wp\/v2\/pages\/16","targetHints":{"allow":["GET"]}}],"collection":[{"href":"https:\/\/www.bunteblaetter.com\/index.php?rest_route=\/wp\/v2\/pages"}],"about":[{"href":"https:\/\/www.bunteblaetter.com\/index.php?rest_route=\/wp\/v2\/types\/page"}],"author":[{"embeddable":true,"href":"https:\/\/www.bunteblaetter.com\/index.php?rest_route=\/wp\/v2\/users\/1"}],"replies":[{"embeddable":true,"href":"https:\/\/www.bunteblaetter.com\/index.php?rest_route=%2Fwp%2Fv2%2Fcomments&post=16"}],"version-history":[{"count":14,"href":"https:\/\/www.bunteblaetter.com\/index.php?rest_route=\/wp\/v2\/pages\/16\/revisions"}],"predecessor-version":[{"id":512,"href":"https:\/\/www.bunteblaetter.com\/index.php?rest_route=\/wp\/v2\/pages\/16\/revisions\/512"}],"wp:attachment":[{"href":"https:\/\/www.bunteblaetter.com\/index.php?rest_route=%2Fwp%2Fv2%2Fmedia&parent=16"}],"curies":[{"name":"wp","href":"https:\/\/api.w.org\/{rel}","templated":true}]}}